{"id":22,"date":"2020-02-13T09:22:38","date_gmt":"2020-02-13T12:22:38","guid":{"rendered":"https:\/\/evangelhodecristoop.com.br\/?page_id=22"},"modified":"2020-02-13T11:06:13","modified_gmt":"2020-02-13T14:06:13","slug":"campanhas","status":"publish","type":"page","link":"https:\/\/evangelhodecristoop.com.br\/?page_id=22","title":{"rendered":"Campanhas"},"content":{"rendered":"\n<p><strong>Campanha da Fraternidade &#8220;Auta de Souza&#8221; &#8211; Campanha do Quilo<\/strong><\/p>\n\n\n\n<p>A Campanha da Fraternidade &#8220;Auta de Souza&#8221; &#8211; Campanha do Quilo \u00e9 um \ntrabalho realizado pelo Grupo Esp\u00edrita Evangelho de Cristo, que objetiva\n a divulga\u00e7\u00e3o dos ensinamentos de Jesus Cristo e da Doutrina Esp\u00edrita \naos lares da cidade de Ouro Preto, de porta em porta, atrav\u00e9s da \ndistribui\u00e7\u00e3o de mensagens com conte\u00fado crist\u00e3o, assim como, o \nrecolhimento de doa\u00e7\u00f5es em forma de alimentos n\u00e3o-perec\u00edveis, produtos \nde higiene pessoal e limpeza, roupas e cal\u00e7ados para distribui\u00e7\u00e3o \u00e0s \nfam\u00edlias de baixa renda.<\/p>\n\n\n\n<p>Atualmente, o GEEC atende 20 fam\u00edlias devidamente cadastradas que \nrecebem cestas b\u00e1sicas montadas com os donativos obtidos durante a \ncampanha, evangeliza\u00e7\u00e3o infantil para as crian\u00e7as e trabalhos de \nfortalecimento da fam\u00edlia junto \u00e0s m\u00e3es e aos pais.<\/p>\n\n\n\n<p>A Campanha da Fraternidade &#8220;Auta de Souza&#8221; &#8211; Campanha do Quilo \u00e9 \nrealizada quinzenalmente aos domingos na sede do GEEC. O hor\u00e1rio de \nin\u00edcio das atividades \u00e9 \u00e0s 8h30 com a prepara\u00e7\u00e3o, sa\u00edda para visita\u00e7\u00e3o \naos lares \u00e0s 9h e retorno \u00e0s 11h30, com momento de fechamento das \natividades.<\/p>\n\n\n\n<p>O GEEC tamb\u00e9m aceita doa\u00e7\u00f5es diversas que podem ser deixadas em sua sede.&nbsp;<\/p>\n","protected":false},"excerpt":{"rendered":"<p>Campanha da Fraternidade &#8220;Auta de Souza&#8221; &#8211; Campanha do Quilo A Campanha da Fraternidade &#8220;Auta de Souza&#8221; &#8211; Campanha do Quilo \u00e9 um trabalho realizado&hellip;<\/p>\n","protected":false},"author":1,"featured_media":0,"parent":0,"menu_order":0,"comment_status":"closed","ping_status":"closed","template":"","meta":{"footnotes":""},"class_list":["post-22","page","type-page","status-publish","hentry"],"_links":{"self":[{"href":"https:\/\/evangelhodecristoop.com.br\/index.php?rest_route=\/wp\/v2\/pages\/22","targetHints":{"allow":["GET"]}}],"collection":[{"href":"https:\/\/evangelhodecristoop.com.br\/index.php?rest_route=\/wp\/v2\/pages"}],"about":[{"href":"https:\/\/evangelhodecristoop.com.br\/index.php?rest_route=\/wp\/v2\/types\/page"}],"author":[{"embeddable":true,"href":"https:\/\/evangelhodecristoop.com.br\/index.php?rest_route=\/wp\/v2\/users\/1"}],"replies":[{"embeddable":true,"href":"https:\/\/evangelhodecristoop.com.br\/index.php?rest_route=%2Fwp%2Fv2%2Fcomments&post=22"}],"version-history":[{"count":2,"href":"https:\/\/evangelhodecristoop.com.br\/index.php?rest_route=\/wp\/v2\/pages\/22\/revisions"}],"predecessor-version":[{"id":103,"href":"https:\/\/evangelhodecristoop.com.br\/index.php?rest_route=\/wp\/v2\/pages\/22\/revisions\/103"}],"wp:attachment":[{"href":"https:\/\/evangelhodecristoop.com.br\/index.php?rest_route=%2Fwp%2Fv2%2Fmedia&parent=22"}],"curies":[{"name":"wp","href":"https:\/\/api.w.org\/{rel}","templated":true}]}}