{"id":42,"date":"2020-02-13T09:34:28","date_gmt":"2020-02-13T12:34:28","guid":{"rendered":"https:\/\/evangelhodecristoop.com.br\/?page_id=42"},"modified":"2020-02-13T10:52:51","modified_gmt":"2020-02-13T13:52:51","slug":"sobre-nos","status":"publish","type":"page","link":"https:\/\/evangelhodecristoop.com.br\/?page_id=42","title":{"rendered":"Sobre N\u00f3s"},"content":{"rendered":"\n<p>O GRUPO ESP\u00cdRITA <strong>&#8220;EVANGELHO DE CRISTO&#8221;<\/strong> \u00e9 fruto do esfor\u00e7o em comum dos companheiros:<\/p>\n\n\n\n<ul class=\"wp-block-list\"><li>Jos\u00e9 Coelho Maciel<\/li><li>Maria Trindade Maciel<\/li><li>Ant\u00f4nio Cardoso Roriz<\/li><li>Castorino Vitorino Coelho&nbsp;<\/li><li>Edir Vict\u00f3ria Barros<\/li><li>Nair Assine Franzini<\/li><li>Jos\u00e9 Gon\u00e7alves da Cunha<\/li><li>O &#8220;S\u00eao Tezinho&#8221;<\/li><li>Jos\u00e9 Barbosa da Cunha, o &#8220;Zez\u00e9&#8221;<\/li><li>Ana Maria Cunha<\/li><li>Cesarina Valamiel Roriz<\/li><li>Elba Goulart<\/li><li>Marlene Dion\u00edsio<\/li><li>Moacir Lisboa<\/li><li>Ronaldo<\/li><li>Sr Fernando Bulh\u00f5es<\/li><\/ul>\n\n\n\n<p>e outros que , em 12 de Dezembro de 1976, fundaram o GEEC e elegeram a\n primeira diretoria. Reuniam-se com adeptos, necessitados e \nsimpatizantes, nas respectivas casas, de forma alternada. A cada tr\u00eas \nsemanas, a sede do GRUPO ESP\u00cdRITA <strong>&#8220;EVANGELHO DE CRISTO&#8221;<\/strong>\n mudava de endere\u00e7o. Assim ocorreu at\u00e9 o ano de 1982, quando o GEEC foi \ninstalado em sua sede pr\u00f3pria \u00e0 Rua Jo\u00e3o XXIII, 420 &#8211; Bairro S\u00e3o \nCristov\u00e3o, ap\u00f3s enormes esfor\u00e7os f\u00edsicos de companheiros que trabalharam\n na constru\u00e7\u00e3o do primeiro pavimento.<\/p>\n\n\n\n<p>A mudan\u00e7a para a sede pr\u00f3pria p\u00f4de acontecer, gra\u00e7as ao esp\u00edrito de \ndoa\u00e7\u00e3o de uma simpatizante que, bondosamente, doou o lote da Rua Jo\u00e3o \nXXIII, esquina com a Rua Mec\u00e2nico Jos\u00e9 Portugu\u00eas, no encontro das tr\u00eas \nvias: Rua Jo\u00e3o XXIII, Rua Mec\u00e2nico Jos\u00e9 Portugu\u00eas e Rua Tom\u00e9 \nVasconcelos.<\/p>\n\n\n\n<p>A dire\u00e7\u00e3o dos trabalhos do grupo \nesteve durante um per\u00edodo de, aproximadamente, dez anos, sob os cuidados\n do Sr. Jos\u00e9 Coelho Maciel, o primeiro presidente da institui\u00e7\u00e3o.<\/p>\n\n\n\n<p>Neste per\u00edodo de funcionamento,  esse grupo, tem como marcas: atividades intelectuais, reuni\u00f5es de estudo  sistematizado; trabalho assistencial e espiritual. Sempre foi  constitu\u00eddo de muitos trabalhadores dos quais, hoje, encontram-se  espalhados por todo o Brasil, caminhando como divulgadores da Doutrina  dos Esp\u00edritos.\u00a0<\/p>\n","protected":false},"excerpt":{"rendered":"<p>O GRUPO ESP\u00cdRITA &#8220;EVANGELHO DE CRISTO&#8221; \u00e9 fruto do esfor\u00e7o em comum dos companheiros: Jos\u00e9 Coelho Maciel Maria Trindade Maciel Ant\u00f4nio Cardoso Roriz Castorino Vitorino&hellip;<\/p>\n","protected":false},"author":1,"featured_media":0,"parent":0,"menu_order":0,"comment_status":"closed","ping_status":"closed","template":"","meta":{"footnotes":""},"class_list":["post-42","page","type-page","status-publish","hentry"],"_links":{"self":[{"href":"https:\/\/evangelhodecristoop.com.br\/index.php?rest_route=\/wp\/v2\/pages\/42","targetHints":{"allow":["GET"]}}],"collection":[{"href":"https:\/\/evangelhodecristoop.com.br\/index.php?rest_route=\/wp\/v2\/pages"}],"about":[{"href":"https:\/\/evangelhodecristoop.com.br\/index.php?rest_route=\/wp\/v2\/types\/page"}],"author":[{"embeddable":true,"href":"https:\/\/evangelhodecristoop.com.br\/index.php?rest_route=\/wp\/v2\/users\/1"}],"replies":[{"embeddable":true,"href":"https:\/\/evangelhodecristoop.com.br\/index.php?rest_route=%2Fwp%2Fv2%2Fcomments&post=42"}],"version-history":[{"count":2,"href":"https:\/\/evangelhodecristoop.com.br\/index.php?rest_route=\/wp\/v2\/pages\/42\/revisions"}],"predecessor-version":[{"id":95,"href":"https:\/\/evangelhodecristoop.com.br\/index.php?rest_route=\/wp\/v2\/pages\/42\/revisions\/95"}],"wp:attachment":[{"href":"https:\/\/evangelhodecristoop.com.br\/index.php?rest_route=%2Fwp%2Fv2%2Fmedia&parent=42"}],"curies":[{"name":"wp","href":"https:\/\/api.w.org\/{rel}","templated":true}]}}