{"id":45,"date":"2020-02-13T09:34:28","date_gmt":"2020-02-13T12:34:28","guid":{"rendered":"https:\/\/evangelhodecristoop.com.br\/?page_id=45"},"modified":"2020-02-13T11:08:36","modified_gmt":"2020-02-13T14:08:36","slug":"reunioes-de-estudo","status":"publish","type":"page","link":"https:\/\/evangelhodecristoop.com.br\/?page_id=45","title":{"rendered":"Reuni\u00f5es de Estudo"},"content":{"rendered":"\n<p><strong>Reuni\u00f5es de estudo do Grupo Esp\u00edrita Evangelho de Cristo<\/strong><\/p>\n\n\n\n<p>As reuni\u00f5es de estudo do Grupo Esp\u00edrita Evangelho de Cristo tem como objetivo&nbsp;oferecer aos seus frequentadores a oportunidade de ampliar o conhecimento a respeito&nbsp;do Espiritismo em seus aspectos cient\u00edfico, filos\u00f3fico e religioso, com base,&nbsp;principalmente, no Evangelho de Jesus e nas obras de Allan Kardec, entre outros t\u00edtulos.<\/p>\n\n\n\n<p>O estudo cont\u00ednuo e s\u00e9rio do Espiritismo proporciona in\u00fameros benef\u00edcios aos&nbsp;indiv\u00edduos e \u00e0 sociedade, pois estimula o desenvolvimento da f\u00e9 raciocinada,&nbsp;favorecendo a transforma\u00e7\u00e3o moral do ser, que ir\u00e1, cada vez mais, contribuir para a&nbsp;constru\u00e7\u00e3o de uma sociedade mais justa e fraterna.<\/p>\n\n\n\n<p>As reuni\u00f5es de estudo s\u00e3o abertas ao p\u00fablico em geral e acontecem semanalmente. Veja&nbsp;abaixo os dias e hor\u00e1rios de cada estudo.<\/p>\n\n\n\n<p><strong>Estudos de Sexta-feira:<\/strong><\/p>\n\n\n\n<ul class=\"wp-block-list\"><li>Estudo do Passe Esp\u00edrita: 19h.<\/li><li>Estudo do Evangelho segundo o Espiritismo e do Livro dos Esp\u00edritos: 20h.<\/li><\/ul>\n\n\n\n<p><strong>Estudos de S\u00e1bado:<\/strong><\/p>\n\n\n\n<ul class=\"wp-block-list\"><li>Estudo Minucioso do Evangelho de Jesus e Estudo da Mediunidade: 18h.<\/li><\/ul>\n","protected":false},"excerpt":{"rendered":"<p>Reuni\u00f5es de estudo do Grupo Esp\u00edrita Evangelho de Cristo As reuni\u00f5es de estudo do Grupo Esp\u00edrita Evangelho de Cristo tem como objetivo&nbsp;oferecer aos seus frequentadores&hellip;<\/p>\n","protected":false},"author":1,"featured_media":0,"parent":0,"menu_order":0,"comment_status":"closed","ping_status":"closed","template":"","meta":{"footnotes":""},"class_list":["post-45","page","type-page","status-publish","hentry"],"_links":{"self":[{"href":"https:\/\/evangelhodecristoop.com.br\/index.php?rest_route=\/wp\/v2\/pages\/45","targetHints":{"allow":["GET"]}}],"collection":[{"href":"https:\/\/evangelhodecristoop.com.br\/index.php?rest_route=\/wp\/v2\/pages"}],"about":[{"href":"https:\/\/evangelhodecristoop.com.br\/index.php?rest_route=\/wp\/v2\/types\/page"}],"author":[{"embeddable":true,"href":"https:\/\/evangelhodecristoop.com.br\/index.php?rest_route=\/wp\/v2\/users\/1"}],"replies":[{"embeddable":true,"href":"https:\/\/evangelhodecristoop.com.br\/index.php?rest_route=%2Fwp%2Fv2%2Fcomments&post=45"}],"version-history":[{"count":2,"href":"https:\/\/evangelhodecristoop.com.br\/index.php?rest_route=\/wp\/v2\/pages\/45\/revisions"}],"predecessor-version":[{"id":106,"href":"https:\/\/evangelhodecristoop.com.br\/index.php?rest_route=\/wp\/v2\/pages\/45\/revisions\/106"}],"wp:attachment":[{"href":"https:\/\/evangelhodecristoop.com.br\/index.php?rest_route=%2Fwp%2Fv2%2Fmedia&parent=45"}],"curies":[{"name":"wp","href":"https:\/\/api.w.org\/{rel}","templated":true}]}}