{"id":47,"date":"2020-02-13T09:34:28","date_gmt":"2020-02-13T12:34:28","guid":{"rendered":"https:\/\/evangelhodecristoop.com.br\/?page_id=47"},"modified":"2020-02-13T11:07:02","modified_gmt":"2020-02-13T14:07:02","slug":"palestras","status":"publish","type":"page","link":"https:\/\/evangelhodecristoop.com.br\/?page_id=47","title":{"rendered":"Palestras"},"content":{"rendered":"\n<p>As palestras realizadas no Grupo Esp\u00edrita Evangelho de Cristo t\u00eam como objetivo&nbsp;promover e divulgar a Doutrina Esp\u00edrita e atender os seus frequentadores em suas&nbsp;necessidades de esclarecimento e instru\u00e7\u00e3o.<\/p>\n\n\n\n<p>Os temas apresentados durante as palestras s\u00e3o abordados de acordo com as obras&nbsp;b\u00e1sicas da Codifica\u00e7\u00e3o Esp\u00edrita.<\/p>\n\n\n\n<p>As palestras s\u00e3o abertas ao p\u00fablico em geral e acontecem semanalmente, sempre \u00e0s\u00a0ter\u00e7as-feiras, \u00e0s 20h. <\/p>\n","protected":false},"excerpt":{"rendered":"<p>As palestras realizadas no Grupo Esp\u00edrita Evangelho de Cristo t\u00eam como objetivo&nbsp;promover e divulgar a Doutrina Esp\u00edrita e atender os seus frequentadores em suas&nbsp;necessidades de&hellip;<\/p>\n","protected":false},"author":1,"featured_media":0,"parent":0,"menu_order":0,"comment_status":"closed","ping_status":"closed","template":"","meta":{"footnotes":""},"class_list":["post-47","page","type-page","status-publish","hentry"],"_links":{"self":[{"href":"https:\/\/evangelhodecristoop.com.br\/index.php?rest_route=\/wp\/v2\/pages\/47","targetHints":{"allow":["GET"]}}],"collection":[{"href":"https:\/\/evangelhodecristoop.com.br\/index.php?rest_route=\/wp\/v2\/pages"}],"about":[{"href":"https:\/\/evangelhodecristoop.com.br\/index.php?rest_route=\/wp\/v2\/types\/page"}],"author":[{"embeddable":true,"href":"https:\/\/evangelhodecristoop.com.br\/index.php?rest_route=\/wp\/v2\/users\/1"}],"replies":[{"embeddable":true,"href":"https:\/\/evangelhodecristoop.com.br\/index.php?rest_route=%2Fwp%2Fv2%2Fcomments&post=47"}],"version-history":[{"count":2,"href":"https:\/\/evangelhodecristoop.com.br\/index.php?rest_route=\/wp\/v2\/pages\/47\/revisions"}],"predecessor-version":[{"id":104,"href":"https:\/\/evangelhodecristoop.com.br\/index.php?rest_route=\/wp\/v2\/pages\/47\/revisions\/104"}],"wp:attachment":[{"href":"https:\/\/evangelhodecristoop.com.br\/index.php?rest_route=%2Fwp%2Fv2%2Fmedia&parent=47"}],"curies":[{"name":"wp","href":"https:\/\/api.w.org\/{rel}","templated":true}]}}