{"id":48,"date":"2020-02-13T09:34:28","date_gmt":"2020-02-13T12:34:28","guid":{"rendered":"https:\/\/evangelhodecristoop.com.br\/?page_id=48"},"modified":"2020-02-13T11:05:14","modified_gmt":"2020-02-13T14:05:14","slug":"atendimento-fraterno","status":"publish","type":"page","link":"https:\/\/evangelhodecristoop.com.br\/?page_id=48","title":{"rendered":"Atendimento Fraterno"},"content":{"rendered":"\n<p>O Atendimento Fraterno consiste em um trabalho solid\u00e1rio, voltado a ajudar, esclarecer&nbsp;e consolar as pessoas que v\u00eam ao Grupo Esp\u00edrita Evangelho de Cristo em busca de&nbsp;orienta\u00e7\u00f5es e amparo. O atendimento \u00e9 realizado sempre com base na Doutrina Esp\u00edrita&nbsp;e no Evangelho de Jesus, de forma a levar o indiv\u00edduo a conhecer os recursos que a&nbsp;doutrina e o GEEC colocam ao seu alcance e que podem ajud\u00e1-lo no trabalho de&nbsp;fortalecimento de si mesmo e de supera\u00e7\u00e3o dos conflitos e dificuldades da vida.<\/p>\n\n\n\n<p>O Atendimento Fraterno acontece todas as ter\u00e7as-feiras, de 20h \u00e0s 21h.<\/p>\n","protected":false},"excerpt":{"rendered":"<p>O Atendimento Fraterno consiste em um trabalho solid\u00e1rio, voltado a ajudar, esclarecer&nbsp;e consolar as pessoas que v\u00eam ao Grupo Esp\u00edrita Evangelho de Cristo em busca&hellip;<\/p>\n","protected":false},"author":1,"featured_media":0,"parent":0,"menu_order":0,"comment_status":"closed","ping_status":"closed","template":"","meta":{"footnotes":""},"class_list":["post-48","page","type-page","status-publish","hentry"],"_links":{"self":[{"href":"https:\/\/evangelhodecristoop.com.br\/index.php?rest_route=\/wp\/v2\/pages\/48","targetHints":{"allow":["GET"]}}],"collection":[{"href":"https:\/\/evangelhodecristoop.com.br\/index.php?rest_route=\/wp\/v2\/pages"}],"about":[{"href":"https:\/\/evangelhodecristoop.com.br\/index.php?rest_route=\/wp\/v2\/types\/page"}],"author":[{"embeddable":true,"href":"https:\/\/evangelhodecristoop.com.br\/index.php?rest_route=\/wp\/v2\/users\/1"}],"replies":[{"embeddable":true,"href":"https:\/\/evangelhodecristoop.com.br\/index.php?rest_route=%2Fwp%2Fv2%2Fcomments&post=48"}],"version-history":[{"count":2,"href":"https:\/\/evangelhodecristoop.com.br\/index.php?rest_route=\/wp\/v2\/pages\/48\/revisions"}],"predecessor-version":[{"id":101,"href":"https:\/\/evangelhodecristoop.com.br\/index.php?rest_route=\/wp\/v2\/pages\/48\/revisions\/101"}],"wp:attachment":[{"href":"https:\/\/evangelhodecristoop.com.br\/index.php?rest_route=%2Fwp%2Fv2%2Fmedia&parent=48"}],"curies":[{"name":"wp","href":"https:\/\/api.w.org\/{rel}","templated":true}]}}