{"id":49,"date":"2020-02-13T09:34:28","date_gmt":"2020-02-13T12:34:28","guid":{"rendered":"https:\/\/evangelhodecristoop.com.br\/?page_id=49"},"modified":"2020-02-13T11:05:42","modified_gmt":"2020-02-13T14:05:42","slug":"bazar-beneficente","status":"publish","type":"page","link":"https:\/\/evangelhodecristoop.com.br\/?page_id=49","title":{"rendered":"Bazar Beneficente"},"content":{"rendered":"\n<p>O bazar beneficente do Grupo Esp\u00edrita Evangelho de Cristo tem como objetivo vender&nbsp;artigos para angariar recursos financeiros que ser\u00e3o usados para a manuten\u00e7\u00e3o da&nbsp;institui\u00e7\u00e3o. S\u00e3o vendidos no bazar pe\u00e7as de vestu\u00e1rio, cal\u00e7ados, acess\u00f3rios, brinquedos&nbsp;e utens\u00edlios dom\u00e9sticos, novos ou usados e em bom estado de conserva\u00e7\u00e3o, todos&nbsp;adquiridos atrav\u00e9s de doa\u00e7\u00e3o.<\/p>\n\n\n\n<p>Os recursos arrecadados com a venda dos artigos s\u00e3o direcionados para o custeio de&nbsp;atividades assistenciais promovidas pelo GEEC e, tamb\u00e9m, para realiza\u00e7\u00e3o de melhorias&nbsp;na institui\u00e7\u00e3o.<\/p>\n\n\n\n<p>O bazar beneficente funciona \u00e0s segundas-feiras de 15h \u00e0s 17h, \u00e0s ter\u00e7as-feiras de 18:30h \u00e0s 19:50h e aos s\u00e1bados&nbsp;(quinzenalmente) de 10h \u00e0s 12h.<\/p>\n","protected":false},"excerpt":{"rendered":"<p>O bazar beneficente do Grupo Esp\u00edrita Evangelho de Cristo tem como objetivo vender&nbsp;artigos para angariar recursos financeiros que ser\u00e3o usados para a manuten\u00e7\u00e3o da&nbsp;institui\u00e7\u00e3o. S\u00e3o&hellip;<\/p>\n","protected":false},"author":1,"featured_media":0,"parent":0,"menu_order":0,"comment_status":"closed","ping_status":"closed","template":"","meta":{"footnotes":""},"class_list":["post-49","page","type-page","status-publish","hentry"],"_links":{"self":[{"href":"https:\/\/evangelhodecristoop.com.br\/index.php?rest_route=\/wp\/v2\/pages\/49","targetHints":{"allow":["GET"]}}],"collection":[{"href":"https:\/\/evangelhodecristoop.com.br\/index.php?rest_route=\/wp\/v2\/pages"}],"about":[{"href":"https:\/\/evangelhodecristoop.com.br\/index.php?rest_route=\/wp\/v2\/types\/page"}],"author":[{"embeddable":true,"href":"https:\/\/evangelhodecristoop.com.br\/index.php?rest_route=\/wp\/v2\/users\/1"}],"replies":[{"embeddable":true,"href":"https:\/\/evangelhodecristoop.com.br\/index.php?rest_route=%2Fwp%2Fv2%2Fcomments&post=49"}],"version-history":[{"count":2,"href":"https:\/\/evangelhodecristoop.com.br\/index.php?rest_route=\/wp\/v2\/pages\/49\/revisions"}],"predecessor-version":[{"id":102,"href":"https:\/\/evangelhodecristoop.com.br\/index.php?rest_route=\/wp\/v2\/pages\/49\/revisions\/102"}],"wp:attachment":[{"href":"https:\/\/evangelhodecristoop.com.br\/index.php?rest_route=%2Fwp%2Fv2%2Fmedia&parent=49"}],"curies":[{"name":"wp","href":"https:\/\/api.w.org\/{rel}","templated":true}]}}